{"id":737,"date":"2024-03-04T20:40:33","date_gmt":"2024-03-04T20:40:33","guid":{"rendered":"https:\/\/santediagno.com\/?post_type=product&#038;p=737"},"modified":"2024-03-11T14:33:00","modified_gmt":"2024-03-11T14:33:00","slug":"oxymetre-sinohero","status":"publish","type":"product","link":"https:\/\/santediagno.com\/ar\/product\/oxymetre-sinohero\/","title":{"rendered":"SINOHERO Oxymeter"},"content":{"rendered":"","protected":false},"excerpt":{"rendered":"<p>Surveille le taux de Saturation en Oxyg\u00e8ne et la fr\u00e9quence cardiaque.L&rsquo;oxym\u00e8tre de pouls au doigt est une m\u00e9thode \u00e9conomique et pr\u00e9cise pour d\u00e9tecter la fr\u00e9quence du pouls et la saturation en oxyg\u00e8ne du sang au doigt.<\/p>","protected":false},"featured_media":846,"comment_status":"open","ping_status":"closed","template":"","meta":[],"product_cat":[123],"product_tag":[],"class_list":{"0":"post-737","1":"product","2":"type-product","3":"status-publish","4":"has-post-thumbnail","6":"product_cat-oxymetre","8":"first","9":"instock","10":"shipping-taxable","11":"purchasable","12":"product-type-simple"},"aioseo_notices":[],"_links":{"self":[{"href":"https:\/\/santediagno.com\/ar\/wp-json\/wp\/v2\/product\/737","targetHints":{"allow":["GET"]}}],"collection":[{"href":"https:\/\/santediagno.com\/ar\/wp-json\/wp\/v2\/product"}],"about":[{"href":"https:\/\/santediagno.com\/ar\/wp-json\/wp\/v2\/types\/product"}],"replies":[{"embeddable":true,"href":"https:\/\/santediagno.com\/ar\/wp-json\/wp\/v2\/comments?post=737"}],"wp:featuredmedia":[{"embeddable":true,"href":"https:\/\/santediagno.com\/ar\/wp-json\/wp\/v2\/media\/846"}],"wp:attachment":[{"href":"https:\/\/santediagno.com\/ar\/wp-json\/wp\/v2\/media?parent=737"}],"wp:term":[{"taxonomy":"product_cat","embeddable":true,"href":"https:\/\/santediagno.com\/ar\/wp-json\/wp\/v2\/product_cat?post=737"},{"taxonomy":"product_tag","embeddable":true,"href":"https:\/\/santediagno.com\/ar\/wp-json\/wp\/v2\/product_tag?post=737"}],"curies":[{"name":"wp","href":"https:\/\/api.w.org\/{rel}","templated":true}]}}