{"id":704,"date":"2024-03-04T19:18:12","date_gmt":"2024-03-04T19:18:12","guid":{"rendered":"https:\/\/santediagno.com\/?post_type=product&#038;p=704"},"modified":"2024-03-11T14:19:23","modified_gmt":"2024-03-11T14:19:23","slug":"brosse-a-dents-electrique-omron-sonic-style-201","status":"publish","type":"product","link":"https:\/\/santediagno.com\/ar\/product\/brosse-a-dents-electrique-omron-sonic-style-201\/","title":{"rendered":"Omron Electric tooth brush SONIC STYLE 201"},"content":{"rendered":"","protected":false},"excerpt":{"rendered":"<p>\u062a\u0633\u0645\u062d \u062a\u0642\u0646\u064a\u0629 \u0627\u0648\u0645\u0631\u0648\u0646 \u0627\u0644\u0635\u0648\u062a\u064a\u0629 \u0628\u0627\u0644\u062a\u0646\u0638\u064a\u0641 \u0627\u0644\u0641\u0639\u0627\u0644 \u0644\u0644\u0648\u062d\u0629 \u0627\u0644\u0623\u0633\u0646\u0627\u0646.<br \/>\nLa t\u00eate de brosse triple action, dot\u00e9e de poils de diff\u00e9rentes tailles, assure un nettoyage en profondeur, y compris les zones difficiles d&rsquo;acc\u00e8s.<br \/>\nLa brosse \u00e0 dents Omron utilise la technologie d&rsquo;impulsion \u00e9lectrosonique, tr\u00e8s efficace pour \u00e9liminer la plaque dentaire<\/p>","protected":false},"featured_media":705,"comment_status":"open","ping_status":"closed","template":"","meta":[],"product_cat":[118],"product_tag":[],"class_list":{"0":"post-704","1":"product","2":"type-product","3":"status-publish","4":"has-post-thumbnail","6":"product_cat-brosse-a-dent","8":"first","9":"instock","10":"shipping-taxable","11":"purchasable","12":"product-type-simple"},"aioseo_notices":[],"_links":{"self":[{"href":"https:\/\/santediagno.com\/ar\/wp-json\/wp\/v2\/product\/704","targetHints":{"allow":["GET"]}}],"collection":[{"href":"https:\/\/santediagno.com\/ar\/wp-json\/wp\/v2\/product"}],"about":[{"href":"https:\/\/santediagno.com\/ar\/wp-json\/wp\/v2\/types\/product"}],"replies":[{"embeddable":true,"href":"https:\/\/santediagno.com\/ar\/wp-json\/wp\/v2\/comments?post=704"}],"wp:featuredmedia":[{"embeddable":true,"href":"https:\/\/santediagno.com\/ar\/wp-json\/wp\/v2\/media\/705"}],"wp:attachment":[{"href":"https:\/\/santediagno.com\/ar\/wp-json\/wp\/v2\/media?parent=704"}],"wp:term":[{"taxonomy":"product_cat","embeddable":true,"href":"https:\/\/santediagno.com\/ar\/wp-json\/wp\/v2\/product_cat?post=704"},{"taxonomy":"product_tag","embeddable":true,"href":"https:\/\/santediagno.com\/ar\/wp-json\/wp\/v2\/product_tag?post=704"}],"curies":[{"name":"wp","href":"https:\/\/api.w.org\/{rel}","templated":true}]}}