{"id":697,"date":"2024-03-04T19:10:31","date_gmt":"2024-03-04T19:10:31","guid":{"rendered":"https:\/\/santediagno.com\/?post_type=product&#038;p=697"},"modified":"2024-03-11T14:35:14","modified_gmt":"2024-03-11T14:35:14","slug":"matelas","status":"publish","type":"product","link":"https:\/\/santediagno.com\/ar\/product\/matelas\/","title":{"rendered":"MATELAS"},"content":{"rendered":"","protected":false},"excerpt":{"rendered":"<p>Pr\u00e9sentation du syst\u00e8me anti-escarres \u00e0 air alternatif Matelas, une solution avanc\u00e9e con\u00e7ue pour offrir un confort et des soins pr\u00e9ventifs in\u00e9gal\u00e9s. Con\u00e7u avec une technologie de pointe, ce syst\u00e8me utilise des cellules d&rsquo;air altern\u00e9es pour r\u00e9partir uniform\u00e9ment la pression, r\u00e9duisant ainsi le risque d&rsquo;escarres et favorisant la sant\u00e9 globale. \u00c9levez la qualit\u00e9 des soins avec Matelas, en garantissant une exp\u00e9rience confortable et de soutien \u00e0 ceux qui ont besoin de longues p\u00e9riodes d&rsquo;alitement.<\/p>","protected":false},"featured_media":1301,"comment_status":"open","ping_status":"closed","template":"","meta":[],"product_cat":[116],"product_tag":[],"class_list":{"0":"post-697","1":"product","2":"type-product","3":"status-publish","4":"has-post-thumbnail","6":"product_cat-matelas","8":"first","9":"instock","10":"shipping-taxable","11":"purchasable","12":"product-type-simple"},"aioseo_notices":[],"_links":{"self":[{"href":"https:\/\/santediagno.com\/ar\/wp-json\/wp\/v2\/product\/697","targetHints":{"allow":["GET"]}}],"collection":[{"href":"https:\/\/santediagno.com\/ar\/wp-json\/wp\/v2\/product"}],"about":[{"href":"https:\/\/santediagno.com\/ar\/wp-json\/wp\/v2\/types\/product"}],"replies":[{"embeddable":true,"href":"https:\/\/santediagno.com\/ar\/wp-json\/wp\/v2\/comments?post=697"}],"wp:featuredmedia":[{"embeddable":true,"href":"https:\/\/santediagno.com\/ar\/wp-json\/wp\/v2\/media\/1301"}],"wp:attachment":[{"href":"https:\/\/santediagno.com\/ar\/wp-json\/wp\/v2\/media?parent=697"}],"wp:term":[{"taxonomy":"product_cat","embeddable":true,"href":"https:\/\/santediagno.com\/ar\/wp-json\/wp\/v2\/product_cat?post=697"},{"taxonomy":"product_tag","embeddable":true,"href":"https:\/\/santediagno.com\/ar\/wp-json\/wp\/v2\/product_tag?post=697"}],"curies":[{"name":"wp","href":"https:\/\/api.w.org\/{rel}","templated":true}]}}