{"id":33,"date":"2024-03-03T08:04:01","date_gmt":"2024-03-03T08:04:01","guid":{"rendered":"https:\/\/santediagno.com\/?page_id=33"},"modified":"2024-03-06T18:04:09","modified_gmt":"2024-03-06T18:04:09","slug":"a-propos-de-nous","status":"publish","type":"page","link":"https:\/\/santediagno.com\/ar\/a-propos-de-nous\/","title":{"rendered":"\u0645\u0646 \u0646\u062d\u0646"},"content":{"rendered":"<div data-elementor-type=\"wp-page\" data-elementor-id=\"33\" class=\"elementor elementor-33\" data-elementor-post-type=\"page\">\n\t\t\t\t<div class=\"elementor-element elementor-element-30c84e99 e-con-full e-flex e-con e-parent\" data-id=\"30c84e99\" data-element_type=\"container\" data-settings=\"{&quot;background_background&quot;:&quot;classic&quot;}\">\n\t\t<div class=\"elementor-element elementor-element-1611d03c e-con-full e-flex e-con e-child\" data-id=\"1611d03c\" data-element_type=\"container\">\n\t\t\t\t<div class=\"elementor-element elementor-element-2481c83f elementor-widget elementor-widget-heading\" data-id=\"2481c83f\" data-element_type=\"widget\" data-widget_type=\"heading.default\">\n\t\t\t\t<div class=\"elementor-widget-container\">\n\t\t\t\t\t<h1 class=\"elementor-heading-title elementor-size-default\"><h1 style=\"font-family: 'Cairo';font-style: normal;font-weight: 800;font-size: 35px;line-height: 66px;color: #FFFFFF\">\u0641\u064a\u0645\u0627 \u064a\u062e\u0635\u0646\u0627<\/h1><\/h1>\t\t\t\t<\/div>\n\t\t\t\t<\/div>\n\t\t\t\t<div class=\"elementor-element elementor-element-faaa01a elementor-widget__width-initial elementor-widget elementor-widget-text-editor\" data-id=\"faaa01a\" data-element_type=\"widget\" data-widget_type=\"text-editor.default\">\n\t\t\t\t<div class=\"elementor-widget-container\">\n\t\t\t\t\t\t\t\t\tChez Sant\u00e9Diagno, notre passion est bien plus qu&rsquo;une simple affaire de vente de mat\u00e9riel m\u00e9dical. Nous aspirons \u00e0 cultiver une v\u00e9ritable communaut\u00e9 d\u00e9di\u00e9e \u00e0 la promotion d&rsquo;une vie plus saine et \u00e9panouie. Nous croyons fermement que la sant\u00e9 est bien plus qu&rsquo;une absence de maladie ; c&rsquo;est un \u00e9tat de bien-\u00eatre physique, mental et social auquel chacun devrait avoir acc\u00e8s.\t\t\t\t\t\t\t\t<\/div>\n\t\t\t\t<\/div>\n\t\t\t\t<div class=\"elementor-element elementor-element-4890ad2 elementor-widget__width-initial elementor-widget elementor-widget-text-editor\" data-id=\"4890ad2\" data-element_type=\"widget\" data-widget_type=\"text-editor.default\">\n\t\t\t\t<div class=\"elementor-widget-container\">\n\t\t\t\t\t\t\t\t\t<p>Notre \u00e9quipe est compos\u00e9e d&rsquo;experts passionn\u00e9s par la sant\u00e9 et le bien-\u00eatre, d\u00e9vou\u00e9s \u00e0 accompagner chaque individu dans son parcours de soins. Que vous soyez confront\u00e9 \u00e0 une condition m\u00e9dicale sp\u00e9cifique ou simplement d\u00e9sireux de maintenir votre bien-\u00eatre g\u00e9n\u00e9ral, nous sommes l\u00e0 pour vous fournir les outils et les ressources dont vous avez besoin pour prendre en main votre sant\u00e9.<\/p>\t\t\t\t\t\t\t\t<\/div>\n\t\t\t\t<\/div>\n\t\t\t\t<div class=\"elementor-element elementor-element-275f37c elementor-widget__width-initial elementor-widget elementor-widget-text-editor\" data-id=\"275f37c\" data-element_type=\"widget\" data-widget_type=\"text-editor.default\">\n\t\t\t\t<div class=\"elementor-widget-container\">\n\t\t\t\t\t\t\t\t\t<p>En tant que communaut\u00e9 Sant\u00e9Diagno, nous sommes unis par notre engagement envers une vie plus saine et plus heureuse. Nous croyons en l&rsquo;importance de l&rsquo;autonomie et de l&#8217;empowerment des individus \u00e0 prendre en charge leur propre sant\u00e9. C&rsquo;est pourquoi nous mettons \u00e0 votre disposition une s\u00e9lection minutieuse de produits de diagnostic \u00e0 domicile, sp\u00e9cialement con\u00e7us pour \u00eatre utilis\u00e9s facilement chez vous, sans n\u00e9cessiter l&rsquo;aide de professionnels de la sant\u00e9.<\/p>\t\t\t\t\t\t\t\t<\/div>\n\t\t\t\t<\/div>\n\t\t\t\t<\/div>\n\t\t<div class=\"elementor-element elementor-element-e85dad3 e-con-full e-flex e-con e-child\" data-id=\"e85dad3\" data-element_type=\"container\" data-settings=\"{&quot;background_background&quot;:&quot;classic&quot;}\">\n\t\t\t\t<div class=\"elementor-element elementor-element-5e15305a elementor-widget__width-inherit elementor-widget elementor-widget-image\" data-id=\"5e15305a\" data-element_type=\"widget\" data-widget_type=\"image.default\">\n\t\t\t\t<div class=\"elementor-widget-container\">\n\t\t\t\t\t\t\t\t\t\t\t\t\t\t\t<img fetchpriority=\"high\" decoding=\"async\" width=\"546\" height=\"512\" src=\"https:\/\/santediagno.com\/wp-content\/uploads\/2024\/03\/Clip-path-group.png\" class=\"attachment-full size-full wp-image-249\" alt=\"\" srcset=\"https:\/\/santediagno.com\/wp-content\/uploads\/2024\/03\/Clip-path-group.png 546w, https:\/\/santediagno.com\/wp-content\/uploads\/2024\/03\/Clip-path-group-300x281.png 300w, https:\/\/santediagno.com\/wp-content\/uploads\/2024\/03\/Clip-path-group-13x12.png 13w\" sizes=\"(max-width: 546px) 100vw, 546px\" \/>\t\t\t\t\t\t\t\t\t\t\t\t\t\t\t<\/div>\n\t\t\t\t<\/div>\n\t\t\t\t<\/div>\n\t\t\t\t<\/div>\n\t\t<div class=\"elementor-element elementor-element-1cfa812f e-flex e-con-boxed e-con e-parent\" data-id=\"1cfa812f\" data-element_type=\"container\">\n\t\t\t\t\t<div class=\"e-con-inner\">\n\t\t<div class=\"elementor-element elementor-element-344fcd2c e-con-full e-flex e-con e-child\" data-id=\"344fcd2c\" data-element_type=\"container\">\n\t\t\t\t<div class=\"elementor-element elementor-element-5054b6a2 elementor-widget elementor-widget-image\" data-id=\"5054b6a2\" data-element_type=\"widget\" data-widget_type=\"image.default\">\n\t\t\t\t<div class=\"elementor-widget-container\">\n\t\t\t\t\t\t\t\t\t\t\t\t\t\t\t<img decoding=\"async\" width=\"496\" height=\"340\" src=\"https:\/\/santediagno.com\/wp-content\/uploads\/2024\/03\/business-target-1.png\" class=\"attachment-large size-large wp-image-253\" alt=\"\" srcset=\"https:\/\/santediagno.com\/wp-content\/uploads\/2024\/03\/business-target-1.png 496w, https:\/\/santediagno.com\/wp-content\/uploads\/2024\/03\/business-target-1-300x206.png 300w, https:\/\/santediagno.com\/wp-content\/uploads\/2024\/03\/business-target-1-18x12.png 18w\" sizes=\"(max-width: 496px) 100vw, 496px\" \/>\t\t\t\t\t\t\t\t\t\t\t\t\t\t\t<\/div>\n\t\t\t\t<\/div>\n\t\t\t\t<\/div>\n\t\t<div class=\"elementor-element elementor-element-df5bf2a e-con-full e-flex e-con e-child\" data-id=\"df5bf2a\" data-element_type=\"container\">\n\t\t\t\t<div class=\"elementor-element elementor-element-780e6bd7 elementor-widget elementor-widget-heading\" data-id=\"780e6bd7\" data-element_type=\"widget\" data-widget_type=\"heading.default\">\n\t\t\t\t<div class=\"elementor-widget-container\">\n\t\t\t\t\t<h2 class=\"elementor-heading-title elementor-size-default\"><h2 style=\"font-family: 'Cairo';font-style: normal;font-weight: 800;font-size: 35px;line-height: 66px;color: #2A2F71\">\u062f\u0642\u0629 \u0639\u0627\u0644\u064a\u0629<\/h2><\/h2>\t\t\t\t<\/div>\n\t\t\t\t<\/div>\n\t\t\t\t<div class=\"elementor-element elementor-element-688e54d9 elementor-widget elementor-widget-text-editor\" data-id=\"688e54d9\" data-element_type=\"widget\" data-widget_type=\"text-editor.default\">\n\t\t\t\t<div class=\"elementor-widget-container\">\n\t\t\t\t\t\t\t\t\tNos produits sont intuitifs et simples \u00e0 utiliser, vous permettant de surveiller votre sant\u00e9 et celle de votre famille depuis le confort de votre foyer. Avec la tranquillit\u00e9 d&rsquo;esprit que procurent des donn\u00e9es pr\u00e9cises et fiables, vous pouvez \u00eatre assur\u00e9 que votre bien-\u00eatre est entre de bonnes mains.<\/p>\t\t\t\t\t\t\t\t<\/div>\n\t\t\t\t<\/div>\n\t\t\t\t<div class=\"elementor-element elementor-element-429e5ea elementor-widget elementor-widget-text-editor\" data-id=\"429e5ea\" data-element_type=\"widget\" data-widget_type=\"text-editor.default\">\n\t\t\t\t<div class=\"elementor-widget-container\">\n\t\t\t\t\t\t\t\t\t<p>Joignez-vous \u00e0 notre communaut\u00e9 Sant\u00e9Diagno d\u00e8s aujourd&rsquo;hui et commencez votre voyage vers une vie plus saine et plus \u00e9panouie. Nous sommes l\u00e0 pour vous accompagner \u00e0 chaque \u00e9tape du chemin.<\/p>\t\t\t\t\t\t\t\t<\/div>\n\t\t\t\t<\/div>\n\t\t\t\t<\/div>\n\t\t\t\t\t<\/div>\n\t\t\t\t<\/div>\n\t\t<div class=\"elementor-element elementor-element-1edcd637 e-flex e-con-boxed e-con e-parent\" data-id=\"1edcd637\" data-element_type=\"container\" data-settings=\"{&quot;background_background&quot;:&quot;classic&quot;}\">\n\t\t\t\t\t<div class=\"e-con-inner\">\n\t\t<div class=\"elementor-element elementor-element-3b35d8c7 e-con-full e-flex e-con e-child\" data-id=\"3b35d8c7\" data-element_type=\"container\">\n\t\t\t\t<div class=\"elementor-element elementor-element-16caa67e elementor-widget elementor-widget-heading\" data-id=\"16caa67e\" data-element_type=\"widget\" data-widget_type=\"heading.default\">\n\t\t\t\t<div class=\"elementor-widget-container\">\n\t\t\t\t\t<h2 class=\"elementor-heading-title elementor-size-default\"><h2 style=\"font-family: 'Cairo';font-style: normal;font-weight: 800;font-size: 35px;line-height: 66px;color: #FFFFFF\">\u0628\u062e\u0635\u0648\u0635 \u0623\u062b\u0645\u0646\u062a\u0646\u0627<\/h2><\/h2>\t\t\t\t<\/div>\n\t\t\t\t<\/div>\n\t\t\t\t<div class=\"elementor-element elementor-element-522f2a06 elementor-widget__width-initial elementor-widget elementor-widget-text-editor\" data-id=\"522f2a06\" data-element_type=\"widget\" data-widget_type=\"text-editor.default\">\n\t\t\t\t<div class=\"elementor-widget-container\">\n\t\t\t\t\t\t\t\t\t<p>Chez Sant\u00e9Diagno, nous croyons fermement en l&rsquo;acc\u00e8s universel \u00e0 des soins de sant\u00e9 de qualit\u00e9. C&rsquo;est pourquoi nous nous engageons \u00e0 rendre nos produits de diagnostic \u00e0 domicile aussi abordables que possible, sans sacrifier la qualit\u00e9. Nous comprenons que la sant\u00e9 ne devrait pas \u00eatre un luxe r\u00e9serv\u00e9 \u00e0 quelques-uns, mais un droit fondamental pour tous. C&rsquo;est pourquoi nous travaillons sans rel\u00e2che pour proposer des prix comp\u00e9titifs et des promotions r\u00e9guli\u00e8res, afin que chacun puisse acc\u00e9der aux outils dont il a besoin pour surveiller sa sant\u00e9 et celle de ses proches. Avec Sant\u00e9Diagno, vous pouvez \u00eatre assur\u00e9 de trouver des solutions de diagnostic de qualit\u00e9 \u00e0 des prix abordables, car nous croyons que la sant\u00e9 n&rsquo;a pas de prix.<\/p>\t\t\t\t\t\t\t\t<\/div>\n\t\t\t\t<\/div>\n\t\t\t\t<\/div>\n\t\t<div class=\"elementor-element elementor-element-3c73cc93 e-con-full e-flex e-con e-child\" data-id=\"3c73cc93\" data-element_type=\"container\">\n\t\t\t\t<div class=\"elementor-element elementor-element-7c0de30 elementor-widget__width-initial elementor-widget elementor-widget-image\" data-id=\"7c0de30\" data-element_type=\"widget\" data-widget_type=\"image.default\">\n\t\t\t\t<div class=\"elementor-widget-container\">\n\t\t\t\t\t\t\t\t\t\t\t\t\t\t\t<img decoding=\"async\" width=\"486\" height=\"351\" src=\"https:\/\/santediagno.com\/wp-content\/uploads\/2024\/03\/business-award-2.png\" class=\"attachment-large size-large wp-image-266\" alt=\"\" srcset=\"https:\/\/santediagno.com\/wp-content\/uploads\/2024\/03\/business-award-2.png 486w, https:\/\/santediagno.com\/wp-content\/uploads\/2024\/03\/business-award-2-300x217.png 300w, https:\/\/santediagno.com\/wp-content\/uploads\/2024\/03\/business-award-2-18x12.png 18w\" sizes=\"(max-width: 486px) 100vw, 486px\" \/>\t\t\t\t\t\t\t\t\t\t\t\t\t\t\t<\/div>\n\t\t\t\t<\/div>\n\t\t\t\t<\/div>\n\t\t\t\t\t<\/div>\n\t\t\t\t<\/div>\n\t\t<div class=\"elementor-element elementor-element-639fcca e-flex e-con-boxed e-con e-parent\" data-id=\"639fcca\" data-element_type=\"container\" data-settings=\"{&quot;background_background&quot;:&quot;classic&quot;}\">\n\t\t\t\t\t<div class=\"e-con-inner\">\n\t\t<div class=\"elementor-element elementor-element-bd4164d e-con-full e-flex e-con e-child\" data-id=\"bd4164d\" data-element_type=\"container\">\n\t\t\t\t<div class=\"elementor-element elementor-element-3473d62 elementor-widget elementor-widget-heading\" data-id=\"3473d62\" data-element_type=\"widget\" data-widget_type=\"heading.default\">\n\t\t\t\t<div class=\"elementor-widget-container\">\n\t\t\t\t\t<h2 class=\"elementor-heading-title elementor-size-default\"><h2 style=\"font-family: 'Cairo';font-style: normal;font-weight: 800;font-size: 35px;line-height: 66px;color: #FFFFFF\">\u062a\u0648\u0635\u064a\u0644 \u0633\u0631\u064a\u0639<\/h2><\/h2>\t\t\t\t<\/div>\n\t\t\t\t<\/div>\n\t\t\t\t<div class=\"elementor-element elementor-element-68888bc elementor-widget elementor-widget-text-editor\" data-id=\"68888bc\" data-element_type=\"widget\" data-widget_type=\"text-editor.default\">\n\t\t\t\t<div class=\"elementor-widget-container\">\n\t\t\t\t\t\t\t\t\t<p>Nous proposons une livraison rapide pour garantir que vos produits arrivent le plus rapidement possible, vous offrant ainsi une exp\u00e9rience d&rsquo;achat instantan\u00e9e et pratique.<\/p>\t\t\t\t\t\t\t\t<\/div>\n\t\t\t\t<\/div>\n\t\t\t\t<\/div>\n\t\t<div class=\"elementor-element elementor-element-71470c5 e-con-full e-flex e-con e-child\" data-id=\"71470c5\" data-element_type=\"container\">\n\t\t\t\t<div class=\"elementor-element elementor-element-20b0f07 elementor-widget elementor-widget-image\" data-id=\"20b0f07\" data-element_type=\"widget\" data-widget_type=\"image.default\">\n\t\t\t\t<div class=\"elementor-widget-container\">\n\t\t\t\t\t\t\t\t\t\t\t\t\t\t\t<img loading=\"lazy\" decoding=\"async\" width=\"517\" height=\"415\" src=\"https:\/\/santediagno.com\/wp-content\/uploads\/2024\/03\/delivery-1.png\" class=\"attachment-large size-large wp-image-673\" alt=\"santediagno\" srcset=\"https:\/\/santediagno.com\/wp-content\/uploads\/2024\/03\/delivery-1.png 517w, https:\/\/santediagno.com\/wp-content\/uploads\/2024\/03\/delivery-1-300x241.png 300w, https:\/\/santediagno.com\/wp-content\/uploads\/2024\/03\/delivery-1-15x12.png 15w\" sizes=\"(max-width: 517px) 100vw, 517px\" \/>\t\t\t\t\t\t\t\t\t\t\t\t\t\t\t<\/div>\n\t\t\t\t<\/div>\n\t\t\t\t<\/div>\n\t\t\t\t\t<\/div>\n\t\t\t\t<\/div>\n\t\t\t\t<\/div>","protected":false},"excerpt":{"rendered":"<p>A propos de nous Chez Sant\u00e9Diagno, notre passion est bien plus qu&rsquo;une simple affaire de vente de mat\u00e9riel m\u00e9dical. Nous aspirons \u00e0 cultiver une v\u00e9ritable communaut\u00e9 d\u00e9di\u00e9e \u00e0 la promotion d&rsquo;une vie plus saine et \u00e9panouie. Nous croyons fermement que la sant\u00e9 est bien plus qu&rsquo;une absence de maladie ; c&rsquo;est un \u00e9tat de bien-\u00eatre [&hellip;]<\/p>","protected":false},"author":1,"featured_media":0,"parent":0,"menu_order":0,"comment_status":"closed","ping_status":"closed","template":"","meta":{"footnotes":""},"class_list":["post-33","page","type-page","status-publish","hentry"],"aioseo_notices":[],"_links":{"self":[{"href":"https:\/\/santediagno.com\/ar\/wp-json\/wp\/v2\/pages\/33","targetHints":{"allow":["GET"]}}],"collection":[{"href":"https:\/\/santediagno.com\/ar\/wp-json\/wp\/v2\/pages"}],"about":[{"href":"https:\/\/santediagno.com\/ar\/wp-json\/wp\/v2\/types\/page"}],"author":[{"embeddable":true,"href":"https:\/\/santediagno.com\/ar\/wp-json\/wp\/v2\/users\/1"}],"replies":[{"embeddable":true,"href":"https:\/\/santediagno.com\/ar\/wp-json\/wp\/v2\/comments?post=33"}],"version-history":[{"count":187,"href":"https:\/\/santediagno.com\/ar\/wp-json\/wp\/v2\/pages\/33\/revisions"}],"predecessor-version":[{"id":1204,"href":"https:\/\/santediagno.com\/ar\/wp-json\/wp\/v2\/pages\/33\/revisions\/1204"}],"wp:attachment":[{"href":"https:\/\/santediagno.com\/ar\/wp-json\/wp\/v2\/media?parent=33"}],"curies":[{"name":"wp","href":"https:\/\/api.w.org\/{rel}","templated":true}]}}