{"id":30,"date":"2024-03-03T08:01:20","date_gmt":"2024-03-03T08:01:20","guid":{"rendered":"https:\/\/santediagno.com\/?page_id=30"},"modified":"2024-04-02T20:00:30","modified_gmt":"2024-04-02T20:00:30","slug":"nous-contacter","status":"publish","type":"page","link":"https:\/\/santediagno.com\/ar\/nous-contacter\/","title":{"rendered":"\u0625\u062a\u0635\u0644 \u0628\u0646\u0627"},"content":{"rendered":"<div data-elementor-type=\"wp-page\" data-elementor-id=\"30\" class=\"elementor elementor-30\" data-elementor-post-type=\"page\">\n\t\t\t\t<div class=\"elementor-element elementor-element-294a34f0 e-flex e-con-boxed e-con e-parent\" data-id=\"294a34f0\" data-element_type=\"container\" data-settings=\"{&quot;background_background&quot;:&quot;classic&quot;}\">\n\t\t\t\t\t<div class=\"e-con-inner\">\n\t\t\t\t<div class=\"elementor-element elementor-element-75200140 elementor-widget elementor-widget-heading\" data-id=\"75200140\" data-element_type=\"widget\" data-widget_type=\"heading.default\">\n\t\t\t\t<div class=\"elementor-widget-container\">\n\t\t\t\t\t<h1 class=\"elementor-heading-title elementor-size-default\">\u0625\u0628\u0642\u0649 \u0639\u0644\u0649 \u062a\u0648\u0627\u0635\u0644<\/h1>\t\t\t\t<\/div>\n\t\t\t\t<\/div>\n\t\t\t\t<div class=\"elementor-element elementor-element-45835766 elementor-widget elementor-widget-text-editor\" data-id=\"45835766\" data-element_type=\"widget\" data-widget_type=\"text-editor.default\">\n\t\t\t\t<div class=\"elementor-widget-container\">\n\t\t\t\t\t\t\t\t\t<p>Avez-vous besoin de plus d&rsquo;informations? D\u00e9couvrez ce que d&rsquo;autres personnes disent de notre produit.<\/p>\t\t\t\t\t\t\t\t<\/div>\n\t\t\t\t<\/div>\n\t\t\t\t<div class=\"elementor-element elementor-element-490b58c5 elementor-grid-1 elementor-widget__width-auto elementor-absolute elementor-grid-mobile-1 elementor-shape-rounded e-grid-align-center elementor-widget elementor-widget-social-icons\" data-id=\"490b58c5\" data-element_type=\"widget\" data-settings=\"{&quot;_position&quot;:&quot;absolute&quot;}\" data-widget_type=\"social-icons.default\">\n\t\t\t\t<div class=\"elementor-widget-container\">\n\t\t\t\t\t\t\t<div class=\"elementor-social-icons-wrapper elementor-grid\">\n\t\t\t\t\t\t\t<span class=\"elementor-grid-item\">\n\t\t\t\t\t<a class=\"elementor-icon elementor-social-icon elementor-social-icon-facebook elementor-animation-grow elementor-repeater-item-902d5c1\" target=\"_blank\">\n\t\t\t\t\t\t<span class=\"elementor-screen-only\">Facebook<\/span>\n\t\t\t\t\t\t<svg class=\"e-font-icon-svg e-fab-facebook\" viewbox=\"0 0 512 512\" xmlns=\"http:\/\/www.w3.org\/2000\/svg\"><path d=\"M504 256C504 119 393 8 256 8S8 119 8 256c0 123.78 90.69 226.38 209.25 245V327.69h-63V256h63v-54.64c0-62.15 37-96.48 93.67-96.48 27.14 0 55.52 4.84 55.52 4.84v61h-31.28c-30.8 0-40.41 19.12-40.41 38.73V256h68.78l-11 71.69h-57.78V501C413.31 482.38 504 379.78 504 256z\"><\/path><\/svg>\t\t\t\t\t<\/a>\n\t\t\t\t<\/span>\n\t\t\t\t\t\t\t<span class=\"elementor-grid-item\">\n\t\t\t\t\t<a class=\"elementor-icon elementor-social-icon elementor-social-icon-twitter elementor-animation-grow elementor-repeater-item-fb6f328\" target=\"_blank\">\n\t\t\t\t\t\t<span class=\"elementor-screen-only\">Twitter<\/span>\n\t\t\t\t\t\t<svg class=\"e-font-icon-svg e-fab-twitter\" viewbox=\"0 0 512 512\" xmlns=\"http:\/\/www.w3.org\/2000\/svg\"><path d=\"M459.37 151.716c.325 4.548.325 9.097.325 13.645 0 138.72-105.583 298.558-298.558 298.558-59.452 0-114.68-17.219-161.137-47.106 8.447.974 16.568 1.299 25.34 1.299 49.055 0 94.213-16.568 130.274-44.832-46.132-.975-84.792-31.188-98.112-72.772 6.498.974 12.995 1.624 19.818 1.624 9.421 0 18.843-1.3 27.614-3.573-48.081-9.747-84.143-51.98-84.143-102.985v-1.299c13.969 7.797 30.214 12.67 47.431 13.319-28.264-18.843-46.781-51.005-46.781-87.391 0-19.492 5.197-37.36 14.294-52.954 51.655 63.675 129.3 105.258 216.365 109.807-1.624-7.797-2.599-15.918-2.599-24.04 0-57.828 46.782-104.934 104.934-104.934 30.213 0 57.502 12.67 76.67 33.137 23.715-4.548 46.456-13.32 66.599-25.34-7.798 24.366-24.366 44.833-46.132 57.827 21.117-2.273 41.584-8.122 60.426-16.243-14.292 20.791-32.161 39.308-52.628 54.253z\"><\/path><\/svg>\t\t\t\t\t<\/a>\n\t\t\t\t<\/span>\n\t\t\t\t\t\t\t<span class=\"elementor-grid-item\">\n\t\t\t\t\t<a class=\"elementor-icon elementor-social-icon elementor-social-icon-youtube elementor-animation-grow elementor-repeater-item-bbd7dda\" target=\"_blank\">\n\t\t\t\t\t\t<span class=\"elementor-screen-only\">Youtube<\/span>\n\t\t\t\t\t\t<svg class=\"e-font-icon-svg e-fab-youtube\" viewbox=\"0 0 576 512\" xmlns=\"http:\/\/www.w3.org\/2000\/svg\"><path d=\"M549.655 124.083c-6.281-23.65-24.787-42.276-48.284-48.597C458.781 64 288 64 288 64S117.22 64 74.629 75.486c-23.497 6.322-42.003 24.947-48.284 48.597-11.412 42.867-11.412 132.305-11.412 132.305s0 89.438 11.412 132.305c6.281 23.65 24.787 41.5 48.284 47.821C117.22 448 288 448 288 448s170.78 0 213.371-11.486c23.497-6.321 42.003-24.171 48.284-47.821 11.412-42.867 11.412-132.305 11.412-132.305s0-89.438-11.412-132.305zm-317.51 213.508V175.185l142.739 81.205-142.739 81.201z\"><\/path><\/svg>\t\t\t\t\t<\/a>\n\t\t\t\t<\/span>\n\t\t\t\t\t<\/div>\n\t\t\t\t\t\t<\/div>\n\t\t\t\t<\/div>\n\t\t\t\t\t<\/div>\n\t\t\t\t<\/div>\n\t\t<div class=\"elementor-element elementor-element-3bba317 e-flex e-con-boxed e-con e-parent\" data-id=\"3bba317\" data-element_type=\"container\">\n\t\t\t\t\t<div class=\"e-con-inner\">\n\t\t<div class=\"elementor-element elementor-element-7f8351e e-con-full e-flex e-con e-child\" data-id=\"7f8351e\" data-element_type=\"container\">\n\t\t\t\t<div class=\"elementor-element elementor-element-a3c8760 elementor-icon-list--layout-traditional elementor-list-item-link-full_width elementor-widget elementor-widget-icon-list\" data-id=\"a3c8760\" data-element_type=\"widget\" data-widget_type=\"icon-list.default\">\n\t\t\t\t<div class=\"elementor-widget-container\">\n\t\t\t\t\t\t\t<ul class=\"elementor-icon-list-items\">\n\t\t\t\t\t\t\t<li class=\"elementor-icon-list-item\">\n\t\t\t\t\t\t\t\t\t\t\t<span class=\"elementor-icon-list-icon\">\n\t\t\t\t\t\t\t<svg xmlns=\"http:\/\/www.w3.org\/2000\/svg\" width=\"22\" height=\"28\" viewbox=\"0 0 22 28\" fill=\"none\"><path d=\"M11 0C8.08369 0.0033903 5.28779 1.1465 3.22564 3.17859C1.16348 5.21067 0.00345217 7.96579 1.17029e-05 10.8396C-0.00348119 13.1881 0.774992 15.4728 2.21601 17.3433C2.21601 17.3433 2.51601 17.7326 2.56501 17.7887L11 27.5917L19.439 17.7838C19.483 17.7316 19.784 17.3433 19.784 17.3433L19.785 17.3404C21.2253 15.4707 22.0034 13.187 22 10.8396C21.9966 7.96579 20.8365 5.21067 18.7744 3.17859C16.7122 1.1465 13.9163 0.0033903 11 0ZM11 14.7813C10.2089 14.7813 9.43553 14.5501 8.77773 14.117C8.11993 13.6838 7.60724 13.0682 7.30449 12.348C7.00174 11.6277 6.92253 10.8352 7.07687 10.0706C7.23121 9.30599 7.61217 8.60366 8.17158 8.0524C8.73099 7.50115 9.44373 7.12574 10.2197 6.97365C10.9956 6.82156 11.7998 6.89962 12.5307 7.19796C13.2616 7.49629 13.8864 8.00151 14.3259 8.64971C14.7654 9.29792 15 10.06 15 10.8396C14.9987 11.8846 14.5768 12.8864 13.827 13.6253C13.0771 14.3642 12.0605 14.7799 11 14.7813Z\" fill=\"#2A2F71\"><\/path><\/svg>\t\t\t\t\t\t<\/span>\n\t\t\t\t\t\t\t\t\t\t<span class=\"elementor-icon-list-text\">\u0627\u0644\u0639\u0646\u0648\u0627\u0646<\/br>\u0627\u0644\u0645\u063a\u0631\u0628<\/span>\n\t\t\t\t\t\t\t\t\t<\/li>\n\t\t\t\t\t\t\t\t<li class=\"elementor-icon-list-item\">\n\t\t\t\t\t\t\t\t\t\t\t<span class=\"elementor-icon-list-icon\">\n\t\t\t\t\t\t\t<svg xmlns=\"http:\/\/www.w3.org\/2000\/svg\" width=\"36\" height=\"29\" viewbox=\"0 0 36 29\" fill=\"none\"><path d=\"M30.3769 20.0929L24.4487 15.7809C24.1685 15.5771 23.8003 15.4684 23.4218 15.4778C23.0433 15.4871 22.6842 15.6138 22.4202 15.831L18.9304 18.7022C18.0904 18.5739 16.4017 18.1527 14.6633 16.7655C12.925 15.3737 12.3985 14.0192 12.2425 13.3519L15.8285 10.5589C16.1004 10.3478 16.2589 10.0605 16.2706 9.75759C16.2823 9.45471 16.1463 9.16007 15.8912 8.93602L10.5027 4.19469C10.2475 3.96993 9.89293 3.83361 9.51417 3.81466C9.1354 3.7957 8.76231 3.89562 8.47415 4.09319L5.30957 6.26435C5.05744 6.46679 4.90695 6.73621 4.88665 7.02152C4.86478 7.31319 4.44769 14.2222 11.1444 19.5819C16.9864 24.2544 24.3044 24.5962 26.3198 24.5962C26.6144 24.5962 26.7952 24.5892 26.8433 24.5869C27.1999 24.5709 27.5365 24.45 27.7883 24.2474L30.5008 21.7145C30.7488 21.4847 30.8746 21.1865 30.8514 20.8835C30.8282 20.5805 30.6579 20.2968 30.3769 20.0929Z\" fill=\"#2A2F71\"><\/path><\/svg>\t\t\t\t\t\t<\/span>\n\t\t\t\t\t\t\t\t\t\t<span class=\"elementor-icon-list-text\">\u0627\u0644\u0647\u0627\u062a\u0641<\/br>0708759037<\/span>\n\t\t\t\t\t\t\t\t\t<\/li>\n\t\t\t\t\t\t\t\t<li class=\"elementor-icon-list-item\">\n\t\t\t\t\t\t\t\t\t\t\t<span class=\"elementor-icon-list-icon\">\n\t\t\t\t\t\t\t<svg xmlns=\"http:\/\/www.w3.org\/2000\/svg\" width=\"35\" height=\"28\" viewbox=\"0 0 35 28\" fill=\"none\"><path d=\"M11.9175 14L3.15002 18.5668V9.4332L11.9175 14ZM23.0825 14L31.85 18.5668V9.4332L23.0825 14ZM21.8015 14.6692L17.8815 16.7104C17.766 16.7692 17.633 16.8 17.5 16.8C17.367 16.8 17.234 16.7692 17.1185 16.7104L13.1985 14.6692L3.73102 19.6L3.18152 19.8856C3.35302 20.6752 4.21402 21.28 5.25002 21.28H29.75C30.786 21.28 31.647 20.678 31.8185 19.8856L31.2655 19.6L21.8015 14.6692ZM17.5 15.5708L31.2655 8.4L31.8185 8.1144C31.647 7.322 30.786 6.72 29.75 6.72H5.25002C4.21402 6.72 3.35302 7.3248 3.18152 8.1144L3.73102 8.4L17.5 15.5708Z\" fill=\"#2A2F71\"><\/path><\/svg>\t\t\t\t\t\t<\/span>\n\t\t\t\t\t\t\t\t\t\t<span class=\"elementor-icon-list-text\">\u0627\u0644\u0628\u0631\u064a\u062f \u0627\u0644\u0625\u0644\u0643\u062a\u0631\u0648\u0646\u064a<\/br>contact@santediagno.com<\/span>\n\t\t\t\t\t\t\t\t\t<\/li>\n\t\t\t\t\t\t<\/ul>\n\t\t\t\t\t\t<\/div>\n\t\t\t\t<\/div>\n\t\t\t\t<\/div>\n\t\t<div class=\"elementor-element elementor-element-5e8eb43 e-con-full e-flex e-con e-child\" data-id=\"5e8eb43\" data-element_type=\"container\">\n\t\t\t\t<div class=\"elementor-element elementor-element-1aff46c elementor-button-align-stretch elementor-widget elementor-widget-form\" data-id=\"1aff46c\" data-element_type=\"widget\" data-settings=\"{&quot;step_next_label&quot;:&quot;Next&quot;,&quot;step_previous_label&quot;:&quot;Previous&quot;,&quot;button_width&quot;:&quot;100&quot;,&quot;step_type&quot;:&quot;number_text&quot;,&quot;step_icon_shape&quot;:&quot;circle&quot;}\" data-widget_type=\"form.default\">\n\t\t\t\t<div class=\"elementor-widget-container\">\n\t\t\t\t\t\t\t<form class=\"elementor-form\" method=\"post\" name=\"New Form\" action=\"\">\n\t\t\t<input type=\"hidden\" name=\"post_id\" value=\"30\"\/>\n\t\t\t<input type=\"hidden\" name=\"form_id\" value=\"1aff46c\"\/>\n\t\t\t<input type=\"hidden\" name=\"referer_title\" value=\"\" \/>\n\n\t\t\t\n\t\t\t<div class=\"elementor-form-fields-wrapper elementor-labels-above\">\n\t\t\t\t\t\t\t\t<div class=\"elementor-field-type-text elementor-field-group elementor-column elementor-field-group-name elementor-col-100 elementor-field-required elementor-mark-required\">\n\t\t\t\t\t\t\t\t\t\t\t\t<label for=\"form-field-name\" class=\"elementor-field-label\">\n\t\t\t\t\t\t\t\t\u0627\u0644\u0625\u0633\u0645\t\t\t\t\t\t\t<\/label>\n\t\t\t\t\t\t\t\t\t\t\t\t\t\t<input size=\"1\" type=\"text\" name=\"form_fields[name]\" id=\"form-field-name\" class=\"elementor-field elementor-size-sm  elementor-field-textual\" placeholder=\"Name\" required=\"required\" aria-required=\"true\">\n\t\t\t\t\t\t\t\t\t\t\t<\/div>\n\t\t\t\t\t\t\t\t<div class=\"elementor-field-type-email elementor-field-group elementor-column elementor-field-group-email elementor-col-100 elementor-field-required elementor-mark-required\">\n\t\t\t\t\t\t\t\t\t\t\t\t<label for=\"form-field-email\" class=\"elementor-field-label\">\n\t\t\t\t\t\t\t\t\u0627\u0644\u0628\u0631\u064a\u062f \u0627\u0644\u0625\u0644\u0643\u062a\u0631\u0648\u0646\u064a\t\t\t\t\t\t\t<\/label>\n\t\t\t\t\t\t\t\t\t\t\t\t\t\t<input size=\"1\" type=\"email\" name=\"form_fields[email]\" id=\"form-field-email\" class=\"elementor-field elementor-size-sm  elementor-field-textual\" placeholder=\"\u0627\u0644\u0628\u0631\u064a\u062f \u0627\u0644\u0625\u0644\u0643\u062a\u0631\u0648\u0646\u064a\" required=\"required\" aria-required=\"true\">\n\t\t\t\t\t\t\t\t\t\t\t<\/div>\n\t\t\t\t\t\t\t\t<div class=\"elementor-field-type-textarea elementor-field-group elementor-column elementor-field-group-message elementor-col-100\">\n\t\t\t\t\t\t\t\t\t\t\t\t<label for=\"form-field-message\" class=\"elementor-field-label\">\n\t\t\t\t\t\t\t\t\u0627\u0644\u0631\u0633\u0627\u0644\u0629\t\t\t\t\t\t\t<\/label>\n\t\t\t\t\t\t<textarea class=\"elementor-field-textual elementor-field  elementor-size-sm\" name=\"form_fields[message]\" id=\"form-field-message\" rows=\"4\" placeholder=\"\u0627\u0644\u0631\u0633\u0627\u0644\u0629\"><\/textarea>\t\t\t\t<\/div>\n\t\t\t\t\t\t\t\t<div class=\"elementor-field-group elementor-column elementor-field-type-submit elementor-col-100 e-form__buttons\">\n\t\t\t\t\t<button class=\"elementor-button elementor-size-sm\" type=\"submit\">\n\t\t\t\t\t\t<span class=\"elementor-button-content-wrapper\">\n\t\t\t\t\t\t\t\t\t\t\t\t\t\t\t\t\t\t\t\t\t\t<span class=\"elementor-button-text\">ENVOYER<\/span>\n\t\t\t\t\t\t\t\t\t\t\t\t\t<\/span>\n\t\t\t\t\t<\/button>\n\t\t\t\t<\/div>\n\t\t\t<\/div>\n\t\t<input type=\"hidden\" name=\"trp-form-language\" value=\"ar\"\/><\/form>\n\t\t\t\t\t\t<\/div>\n\t\t\t\t<\/div>\n\t\t\t\t<\/div>\n\t\t\t\t\t<\/div>\n\t\t\t\t<\/div>\n\t\t\t\t<\/div>","protected":false},"excerpt":{"rendered":"<p>Rester en contact Avez-vous besoin de plus d&rsquo;informations? D\u00e9couvrez ce que d&rsquo;autres personnes disent de notre produit. Facebook Twitter Youtube l&rsquo;adresseMaroc le t\u00e9l\u00e9phone0708759037 E-mailcontact@santediagno.com<\/p>","protected":false},"author":1,"featured_media":0,"parent":0,"menu_order":0,"comment_status":"closed","ping_status":"closed","template":"","meta":{"footnotes":""},"class_list":["post-30","page","type-page","status-publish","hentry"],"aioseo_notices":[],"_links":{"self":[{"href":"https:\/\/santediagno.com\/ar\/wp-json\/wp\/v2\/pages\/30","targetHints":{"allow":["GET"]}}],"collection":[{"href":"https:\/\/santediagno.com\/ar\/wp-json\/wp\/v2\/pages"}],"about":[{"href":"https:\/\/santediagno.com\/ar\/wp-json\/wp\/v2\/types\/page"}],"author":[{"embeddable":true,"href":"https:\/\/santediagno.com\/ar\/wp-json\/wp\/v2\/users\/1"}],"replies":[{"embeddable":true,"href":"https:\/\/santediagno.com\/ar\/wp-json\/wp\/v2\/comments?post=30"}],"version-history":[{"count":79,"href":"https:\/\/santediagno.com\/ar\/wp-json\/wp\/v2\/pages\/30\/revisions"}],"predecessor-version":[{"id":1519,"href":"https:\/\/santediagno.com\/ar\/wp-json\/wp\/v2\/pages\/30\/revisions\/1519"}],"wp:attachment":[{"href":"https:\/\/santediagno.com\/ar\/wp-json\/wp\/v2\/media?parent=30"}],"curies":[{"name":"wp","href":"https:\/\/api.w.org\/{rel}","templated":true}]}}